{"id":11875,"date":"2026-03-01T14:46:51","date_gmt":"2026-03-01T19:46:51","guid":{"rendered":"https:\/\/cutekwoodsolutions.com\/ca\/?page_id=11875"},"modified":"2026-03-24T04:51:05","modified_gmt":"2026-03-24T08:51:05","slug":"pressure-treated-wood","status":"publish","type":"page","link":"https:\/\/cutekwoodsolutions.com\/ca\/pressure-treated-wood\/","title":{"rendered":"Pressure Treated Wood"},"content":{"rendered":"<p>Pressure-treated wood is a durable wood product designed to resist biological decay and insect attack, making it well suited for exterior weather exposed applications. This treatment significantly extends the service life of the wood compared to untreated wood.<\/p><p>However, pressure treatment does not make wood water resistant. Like all wood, pressure-treated wood will still absorb and release moisture, which can lead to swelling, shrinkage, warping, cupping and splitting.<\/p><p>CUTEK\u00ae Extreme clear oil enhances the performance of pressure-treated wood by helping to manage these moisture-related issues. As a penetrating mineral oil, CUTEK\u00ae is absorbed deep into the wood, where it helps reduce moisture movement and significantly improve dimensional stability.<\/p><p>Unlike conventional surface coatings, CUTEK\u00ae Extreme clear oil does not form a hard, film-forming layer. Instead, it penetrates into the wood and remains active within its structure, continually helping to displace moisture, minimising the swelling and shrinking that naturally occurs in wood exposed to the elements.<\/p><p>This internal, non-film-forming protection works in harmony with pressure treatment to improve long-term performance and durability.<\/p><p>CUTEK\u00ae Extreme clear oil can be applied to pressure-treated wood either before or after installation. Once treated, the wood can be wet stacked immediately, making it suitable for both factory and on-site application.<\/p><p>CUTEK\u00ae Colourtones provide UV protection for your wood. Plus, they help maintain the wood\u2019s natural colour, or achieve a desired tint for your wood. <strong><em>When using CUTEK\u00ae Colourtones, it is important that the wood has a moisture content of 17% or less.<\/em><\/strong> Excess moisture can affect colour development, leading to unwanted darkening or uneven results.<\/p><p>For best outcomes, it is recommended to test the selected CUTEK\u00ae Colourtone on a small, inconspicuous area first. If the appearance is not as intended, allowing additional drying time before full application can help achieve a more consistent and predictable finish.<\/p><p>&#8212;&#8212;&#8212;&#8212;&#8212;&#8212;&#8212;&#8212;&#8212;&#8212;&#8212;&#8212;&#8212;&#8212;-<\/p><p>Le bois trait\u00e9 sous pression est un produit durable con\u00e7u pour r\u00e9sister \u00e0 la pourriture et aux attaques d&#8217;insectes, ce qui le rend parfaitement adapt\u00e9 aux applications ext\u00e9rieures expos\u00e9es aux intemp\u00e9ries. Ce traitement prolonge consid\u00e9rablement sa dur\u00e9e de vie par rapport au bois non trait\u00e9.<\/p><p>Cependant, le traitement sous pression ne rend pas le bois imperm\u00e9able. Comme tout bois, il absorbe et lib\u00e8re de l&#8217;humidit\u00e9, ce qui peut entra\u00eener un gonflement, un retrait, un gauchissement, un tuilage et un fendillement.<\/p><p>L&#8217;huile claire CUTEK\u00ae Extreme am\u00e9liore les performances du bois trait\u00e9 sous pression en contribuant \u00e0 la gestion des probl\u00e8mes li\u00e9s \u00e0 l&#8217;humidit\u00e9. Huile min\u00e9rale p\u00e9n\u00e9trante, CUTEK\u00ae est absorb\u00e9e en profondeur dans le bois, o\u00f9 elle contribue \u00e0 r\u00e9duire les mouvements d&#8217;humidit\u00e9 et \u00e0 am\u00e9liorer significativement la stabilit\u00e9 dimensionnelle.<\/p><p>Contrairement aux rev\u00eatements de surface classiques, l&#8217;huile claire CUTEK\u00ae Extreme ne forme pas de film dur sur la surface. Elle p\u00e9n\u00e8tre dans le bois et reste active dans sa structure, contribuant continuellement \u00e0 chasser l&#8217;humidit\u00e9 ce qui minimise ainsi le dommage caus\u00e9 par le cycle de gonflement et de retrait naturels du bois expos\u00e9 aux intemp\u00e9ries.<\/p><p>Cette protection interne, qui ne forme pas de film, agit en synergie avec le traitement sous pression pour am\u00e9liorer la performance et la durabilit\u00e9 \u00e0 long terme.<\/p><p>L&#8217;huile transparente CUTEK\u00ae Extreme peut \u00eatre appliqu\u00e9e sur le bois trait\u00e9 sous pression avant ou apr\u00e8s la pose. Une fois trait\u00e9, le bois peut \u00eatre empil\u00e9 humide imm\u00e9diatement, ce qui le rend adapt\u00e9 \u00e0 une utilisation en usine ou sur chantier.<\/p><p>Les teintes CUTEK\u00ae Colourtones offrent une protection UV \u00e0 votre bois. De plus, elles contribuent \u00e0 pr\u00e9server sa couleur naturelle ou \u00e0 obtenir la couleur souhait\u00e9e. Lors de l&#8217;utilisation des teintes CUTEK\u00ae Colourtones, il est important que le bois ait un taux d&#8217;humidit\u00e9 inf\u00e9rieur ou \u00e9gal \u00e0 17 %. Un exc\u00e8s d&#8217;humidit\u00e9 peut affecter le d\u00e9veloppement de la couleur, entra\u00eenant un assombrissement ind\u00e9sirable ou des r\u00e9sultats irr\u00e9guliers.<\/p><p>Pour un r\u00e9sultat optimal, il est recommand\u00e9 de tester d&#8217;abord la teinte CUTEK\u00ae choisie sur une petite zone discr\u00e8te. Si l&#8217;aspect ne convient pas, laissez s\u00e9cher davantage avant l&#8217;application compl\u00e8te pour obtenir un fini plus uniforme et pr\u00e9visible.<\/p><p><strong>Pressure Treated Wood<\/strong><\/p><p><\/p>","protected":false},"excerpt":{"rendered":"<p>Pressure-treated wood is a durable wood product designed to resist biological decay and insect attack, making it well suited for exterior weather exposed applications. This treatment significantly extends the service life of the wood compared to untreated wood. However, pressure treatment does not make wood water resistant. Like all wood, pressure-treated wood will still absorb<a class=\"excerpt-read-more\" href=\"https:\/\/cutekwoodsolutions.com\/ca\/pressure-treated-wood\/\" title=\"ReadPressure Treated Wood\">&#8230; Read more &raquo;<\/a><\/p>\n","protected":false},"author":11,"featured_media":0,"parent":0,"menu_order":1,"comment_status":"closed","ping_status":"closed","template":"","meta":{"_acf_changed":false,"footnotes":""},"class_list":["post-11875","page","type-page","status-publish","hentry"],"acf":[],"yoast_head":"<!-- This site is optimized with the Yoast SEO plugin v25.1 - https:\/\/yoast.com\/wordpress\/plugins\/seo\/ -->\n<title>Pressure Treated Wood - CUTEK\u00ae Timber Protection - Canada<\/title>\n<meta name=\"robots\" content=\"index, follow, max-snippet:-1, max-image-preview:large, max-video-preview:-1\" \/>\n<link rel=\"canonical\" href=\"https:\/\/cutekwoodsolutions.com\/ca\/pressure-treated-wood\/\" \/>\n<meta property=\"og:locale\" content=\"en_US\" \/>\n<meta property=\"og:type\" content=\"article\" \/>\n<meta property=\"og:title\" content=\"Pressure Treated Wood - CUTEK\u00ae Timber Protection - Canada\" \/>\n<meta property=\"og:description\" content=\"Pressure-treated wood is a durable wood product designed to resist biological decay and insect attack, making it well suited for exterior weather exposed applications. This treatment significantly extends the service life of the wood compared to untreated wood. However, pressure treatment does not make wood water resistant. Like all wood, pressure-treated wood will still absorb... Read more &raquo;\" \/>\n<meta property=\"og:url\" content=\"https:\/\/cutekwoodsolutions.com\/ca\/pressure-treated-wood\/\" \/>\n<meta property=\"og:site_name\" content=\"CUTEK\u00ae Timber Protection - Canada\" \/>\n<meta property=\"article:modified_time\" content=\"2026-03-24T08:51:05+00:00\" \/>\n<meta name=\"twitter:card\" content=\"summary_large_image\" \/>\n<meta name=\"twitter:label1\" content=\"Est. reading time\" \/>\n\t<meta name=\"twitter:data1\" content=\"3 minutes\" \/>\n<script type=\"application\/ld+json\" class=\"yoast-schema-graph\">{\"@context\":\"https:\/\/schema.org\",\"@graph\":[{\"@type\":\"WebPage\",\"@id\":\"https:\/\/cutekwoodsolutions.com\/ca\/pressure-treated-wood\/\",\"url\":\"https:\/\/cutekwoodsolutions.com\/ca\/pressure-treated-wood\/\",\"name\":\"Pressure Treated Wood - CUTEK\u00ae Timber Protection - Canada\",\"isPartOf\":{\"@id\":\"https:\/\/cutekwoodsolutions.com\/ca\/#website\"},\"datePublished\":\"2026-03-01T19:46:51+00:00\",\"dateModified\":\"2026-03-24T08:51:05+00:00\",\"breadcrumb\":{\"@id\":\"https:\/\/cutekwoodsolutions.com\/ca\/pressure-treated-wood\/#breadcrumb\"},\"inLanguage\":\"en-CA\",\"potentialAction\":[{\"@type\":\"ReadAction\",\"target\":[\"https:\/\/cutekwoodsolutions.com\/ca\/pressure-treated-wood\/\"]}]},{\"@type\":\"BreadcrumbList\",\"@id\":\"https:\/\/cutekwoodsolutions.com\/ca\/pressure-treated-wood\/#breadcrumb\",\"itemListElement\":[{\"@type\":\"ListItem\",\"position\":1,\"name\":\"Home\",\"item\":\"https:\/\/cutekwoodsolutions.com\/ca\/\"},{\"@type\":\"ListItem\",\"position\":2,\"name\":\"Pressure Treated Wood\"}]},{\"@type\":\"WebSite\",\"@id\":\"https:\/\/cutekwoodsolutions.com\/ca\/#website\",\"url\":\"https:\/\/cutekwoodsolutions.com\/ca\/\",\"name\":\"CUTEK\u00ae Timber Protection - Canada\",\"description\":\"\",\"publisher\":{\"@id\":\"https:\/\/cutekwoodsolutions.com\/ca\/#organization\"},\"potentialAction\":[{\"@type\":\"SearchAction\",\"target\":{\"@type\":\"EntryPoint\",\"urlTemplate\":\"https:\/\/cutekwoodsolutions.com\/ca\/?s={search_term_string}\"},\"query-input\":{\"@type\":\"PropertyValueSpecification\",\"valueRequired\":true,\"valueName\":\"search_term_string\"}}],\"inLanguage\":\"en-CA\"},{\"@type\":\"Organization\",\"@id\":\"https:\/\/cutekwoodsolutions.com\/ca\/#organization\",\"name\":\"Cutek\",\"url\":\"https:\/\/cutekwoodsolutions.com\/ca\/\",\"logo\":{\"@type\":\"ImageObject\",\"inLanguage\":\"en-CA\",\"@id\":\"https:\/\/cutekwoodsolutions.com\/ca\/#\/schema\/logo\/image\/\",\"url\":\"https:\/\/cutekwoodsolutions.com\/ca\/wp-content\/uploads\/2021\/06\/logo-black.png\",\"contentUrl\":\"https:\/\/cutekwoodsolutions.com\/ca\/wp-content\/uploads\/2021\/06\/logo-black.png\",\"width\":771,\"height\":157,\"caption\":\"Cutek\"},\"image\":{\"@id\":\"https:\/\/cutekwoodsolutions.com\/ca\/#\/schema\/logo\/image\/\"}}]}<\/script>\n<!-- \/ Yoast SEO plugin. -->","yoast_head_json":{"title":"Pressure Treated Wood - CUTEK\u00ae Timber Protection - Canada","robots":{"index":"index","follow":"follow","max-snippet":"max-snippet:-1","max-image-preview":"max-image-preview:large","max-video-preview":"max-video-preview:-1"},"canonical":"https:\/\/cutekwoodsolutions.com\/ca\/pressure-treated-wood\/","og_locale":"en_US","og_type":"article","og_title":"Pressure Treated Wood - CUTEK\u00ae Timber Protection - Canada","og_description":"Pressure-treated wood is a durable wood product designed to resist biological decay and insect attack, making it well suited for exterior weather exposed applications. This treatment significantly extends the service life of the wood compared to untreated wood. However, pressure treatment does not make wood water resistant. Like all wood, pressure-treated wood will still absorb... Read more &raquo;","og_url":"https:\/\/cutekwoodsolutions.com\/ca\/pressure-treated-wood\/","og_site_name":"CUTEK\u00ae Timber Protection - Canada","article_modified_time":"2026-03-24T08:51:05+00:00","twitter_card":"summary_large_image","twitter_misc":{"Est. reading time":"3 minutes"},"schema":{"@context":"https:\/\/schema.org","@graph":[{"@type":"WebPage","@id":"https:\/\/cutekwoodsolutions.com\/ca\/pressure-treated-wood\/","url":"https:\/\/cutekwoodsolutions.com\/ca\/pressure-treated-wood\/","name":"Pressure Treated Wood - CUTEK\u00ae Timber Protection - Canada","isPartOf":{"@id":"https:\/\/cutekwoodsolutions.com\/ca\/#website"},"datePublished":"2026-03-01T19:46:51+00:00","dateModified":"2026-03-24T08:51:05+00:00","breadcrumb":{"@id":"https:\/\/cutekwoodsolutions.com\/ca\/pressure-treated-wood\/#breadcrumb"},"inLanguage":"en-CA","potentialAction":[{"@type":"ReadAction","target":["https:\/\/cutekwoodsolutions.com\/ca\/pressure-treated-wood\/"]}]},{"@type":"BreadcrumbList","@id":"https:\/\/cutekwoodsolutions.com\/ca\/pressure-treated-wood\/#breadcrumb","itemListElement":[{"@type":"ListItem","position":1,"name":"Home","item":"https:\/\/cutekwoodsolutions.com\/ca\/"},{"@type":"ListItem","position":2,"name":"Pressure Treated Wood"}]},{"@type":"WebSite","@id":"https:\/\/cutekwoodsolutions.com\/ca\/#website","url":"https:\/\/cutekwoodsolutions.com\/ca\/","name":"CUTEK\u00ae Timber Protection - Canada","description":"","publisher":{"@id":"https:\/\/cutekwoodsolutions.com\/ca\/#organization"},"potentialAction":[{"@type":"SearchAction","target":{"@type":"EntryPoint","urlTemplate":"https:\/\/cutekwoodsolutions.com\/ca\/?s={search_term_string}"},"query-input":{"@type":"PropertyValueSpecification","valueRequired":true,"valueName":"search_term_string"}}],"inLanguage":"en-CA"},{"@type":"Organization","@id":"https:\/\/cutekwoodsolutions.com\/ca\/#organization","name":"Cutek","url":"https:\/\/cutekwoodsolutions.com\/ca\/","logo":{"@type":"ImageObject","inLanguage":"en-CA","@id":"https:\/\/cutekwoodsolutions.com\/ca\/#\/schema\/logo\/image\/","url":"https:\/\/cutekwoodsolutions.com\/ca\/wp-content\/uploads\/2021\/06\/logo-black.png","contentUrl":"https:\/\/cutekwoodsolutions.com\/ca\/wp-content\/uploads\/2021\/06\/logo-black.png","width":771,"height":157,"caption":"Cutek"},"image":{"@id":"https:\/\/cutekwoodsolutions.com\/ca\/#\/schema\/logo\/image\/"}}]}},"_links":{"self":[{"href":"https:\/\/cutekwoodsolutions.com\/ca\/wp-json\/wp\/v2\/pages\/11875","targetHints":{"allow":["GET"]}}],"collection":[{"href":"https:\/\/cutekwoodsolutions.com\/ca\/wp-json\/wp\/v2\/pages"}],"about":[{"href":"https:\/\/cutekwoodsolutions.com\/ca\/wp-json\/wp\/v2\/types\/page"}],"author":[{"embeddable":true,"href":"https:\/\/cutekwoodsolutions.com\/ca\/wp-json\/wp\/v2\/users\/11"}],"replies":[{"embeddable":true,"href":"https:\/\/cutekwoodsolutions.com\/ca\/wp-json\/wp\/v2\/comments?post=11875"}],"version-history":[{"count":4,"href":"https:\/\/cutekwoodsolutions.com\/ca\/wp-json\/wp\/v2\/pages\/11875\/revisions"}],"predecessor-version":[{"id":11883,"href":"https:\/\/cutekwoodsolutions.com\/ca\/wp-json\/wp\/v2\/pages\/11875\/revisions\/11883"}],"wp:attachment":[{"href":"https:\/\/cutekwoodsolutions.com\/ca\/wp-json\/wp\/v2\/media?parent=11875"}],"curies":[{"name":"wp","href":"https:\/\/api.w.org\/{rel}","templated":true}]}}