{"id":10361,"date":"2022-12-12T22:18:56","date_gmt":"2022-12-13T03:18:56","guid":{"rendered":"https:\/\/cutekstain.com\/ca\/?page_id=10361"},"modified":"2023-03-30T19:25:22","modified_gmt":"2023-03-30T23:25:22","slug":"factsheettranslations","status":"publish","type":"page","link":"https:\/\/cutekwoodsolutions.com\/ca\/factsheettranslations\/","title":{"rendered":"Factsheet Translations"},"content":{"rendered":"<h1 class=\"has-text-align-center wp-block-heading\">FACTSHEET TRANSLATIONS\/<br>TRADUCTIONS DES FICHES DESCRIPTIVE<\/h1><p class=\"has-text-align-center\">To make life easy we have put all our factsheets in each language in one place!<br>Pour vous faciliter la vie, nous avons regroup\u00e9 toutes nos fiches descriptive dans chaque langue au m\u00eame endroit !<\/p><p class=\"has-text-align-center\"><a href=\"#english\" class=\"button\">JUMP TO ENGLISH TRANSLATIONS<\/a> &nbsp;&nbsp;&nbsp; <a href=\"#french\" class=\"button\">PASSER \u00c0 LA TRADUCTION FRAN\u00c7AISE<\/a><\/p>","protected":false},"excerpt":{"rendered":"<p>FACTSHEET TRANSLATIONS\/TRADUCTIONS DES FICHES DESCRIPTIVE To make life easy we have put all our factsheets in each language in one place!Pour vous faciliter la vie, nous avons regroup\u00e9 toutes nos fiches descriptive dans chaque langue au m\u00eame endroit ! JUMP TO ENGLISH TRANSLATIONS &nbsp;&nbsp;&nbsp; PASSER \u00c0 LA TRADUCTION FRAN\u00c7AISE<\/p>\n","protected":false},"author":3,"featured_media":0,"parent":0,"menu_order":58,"comment_status":"closed","ping_status":"closed","template":"template-page-builder.php","meta":{"_acf_changed":false,"footnotes":""},"class_list":["post-10361","page","type-page","status-publish","hentry"],"acf":[],"yoast_head":"<!-- This site is optimized with the Yoast SEO plugin v25.1 - https:\/\/yoast.com\/wordpress\/plugins\/seo\/ -->\n<title>Factsheet Translations - CUTEK\u00ae Timber Protection - Canada<\/title>\n<meta name=\"robots\" content=\"index, follow, max-snippet:-1, max-image-preview:large, max-video-preview:-1\" \/>\n<link rel=\"canonical\" href=\"https:\/\/cutekwoodsolutions.com\/ca\/factsheettranslations\/\" \/>\n<meta property=\"og:locale\" content=\"en_US\" \/>\n<meta property=\"og:type\" content=\"article\" \/>\n<meta property=\"og:title\" content=\"Factsheet Translations - CUTEK\u00ae Timber Protection - Canada\" \/>\n<meta property=\"og:description\" content=\"FACTSHEET TRANSLATIONS\/TRADUCTIONS DES FICHES DESCRIPTIVE To make life easy we have put all our factsheets in each language in one place!Pour vous faciliter la vie, nous avons regroup\u00e9 toutes nos fiches descriptive dans chaque langue au m\u00eame endroit ! JUMP TO ENGLISH TRANSLATIONS &nbsp;&nbsp;&nbsp; PASSER \u00c0 LA TRADUCTION FRAN\u00c7AISE\" \/>\n<meta property=\"og:url\" content=\"https:\/\/cutekwoodsolutions.com\/ca\/factsheettranslations\/\" \/>\n<meta property=\"og:site_name\" content=\"CUTEK\u00ae Timber Protection - Canada\" \/>\n<meta property=\"article:modified_time\" content=\"2023-03-30T23:25:22+00:00\" \/>\n<meta name=\"twitter:card\" content=\"summary_large_image\" \/>\n<meta name=\"twitter:label1\" content=\"Est. reading time\" \/>\n\t<meta name=\"twitter:data1\" content=\"1 minute\" \/>\n<script type=\"application\/ld+json\" class=\"yoast-schema-graph\">{\"@context\":\"https:\/\/schema.org\",\"@graph\":[{\"@type\":\"WebPage\",\"@id\":\"https:\/\/cutekwoodsolutions.com\/ca\/factsheettranslations\/\",\"url\":\"https:\/\/cutekwoodsolutions.com\/ca\/factsheettranslations\/\",\"name\":\"Factsheet Translations - CUTEK\u00ae Timber Protection - Canada\",\"isPartOf\":{\"@id\":\"https:\/\/cutekwoodsolutions.com\/ca\/#website\"},\"datePublished\":\"2022-12-13T03:18:56+00:00\",\"dateModified\":\"2023-03-30T23:25:22+00:00\",\"breadcrumb\":{\"@id\":\"https:\/\/cutekwoodsolutions.com\/ca\/factsheettranslations\/#breadcrumb\"},\"inLanguage\":\"en-CA\",\"potentialAction\":[{\"@type\":\"ReadAction\",\"target\":[\"https:\/\/cutekwoodsolutions.com\/ca\/factsheettranslations\/\"]}]},{\"@type\":\"BreadcrumbList\",\"@id\":\"https:\/\/cutekwoodsolutions.com\/ca\/factsheettranslations\/#breadcrumb\",\"itemListElement\":[{\"@type\":\"ListItem\",\"position\":1,\"name\":\"Home\",\"item\":\"https:\/\/cutekwoodsolutions.com\/ca\/\"},{\"@type\":\"ListItem\",\"position\":2,\"name\":\"Factsheet Translations\"}]},{\"@type\":\"WebSite\",\"@id\":\"https:\/\/cutekwoodsolutions.com\/ca\/#website\",\"url\":\"https:\/\/cutekwoodsolutions.com\/ca\/\",\"name\":\"CUTEK\u00ae Timber Protection - Canada\",\"description\":\"\",\"publisher\":{\"@id\":\"https:\/\/cutekwoodsolutions.com\/ca\/#organization\"},\"potentialAction\":[{\"@type\":\"SearchAction\",\"target\":{\"@type\":\"EntryPoint\",\"urlTemplate\":\"https:\/\/cutekwoodsolutions.com\/ca\/?s={search_term_string}\"},\"query-input\":{\"@type\":\"PropertyValueSpecification\",\"valueRequired\":true,\"valueName\":\"search_term_string\"}}],\"inLanguage\":\"en-CA\"},{\"@type\":\"Organization\",\"@id\":\"https:\/\/cutekwoodsolutions.com\/ca\/#organization\",\"name\":\"Cutek\",\"url\":\"https:\/\/cutekwoodsolutions.com\/ca\/\",\"logo\":{\"@type\":\"ImageObject\",\"inLanguage\":\"en-CA\",\"@id\":\"https:\/\/cutekwoodsolutions.com\/ca\/#\/schema\/logo\/image\/\",\"url\":\"https:\/\/cutekwoodsolutions.com\/ca\/wp-content\/uploads\/2021\/06\/logo-black.png\",\"contentUrl\":\"https:\/\/cutekwoodsolutions.com\/ca\/wp-content\/uploads\/2021\/06\/logo-black.png\",\"width\":771,\"height\":157,\"caption\":\"Cutek\"},\"image\":{\"@id\":\"https:\/\/cutekwoodsolutions.com\/ca\/#\/schema\/logo\/image\/\"}}]}<\/script>\n<!-- \/ Yoast SEO plugin. -->","yoast_head_json":{"title":"Factsheet Translations - CUTEK\u00ae Timber Protection - Canada","robots":{"index":"index","follow":"follow","max-snippet":"max-snippet:-1","max-image-preview":"max-image-preview:large","max-video-preview":"max-video-preview:-1"},"canonical":"https:\/\/cutekwoodsolutions.com\/ca\/factsheettranslations\/","og_locale":"en_US","og_type":"article","og_title":"Factsheet Translations - CUTEK\u00ae Timber Protection - Canada","og_description":"FACTSHEET TRANSLATIONS\/TRADUCTIONS DES FICHES DESCRIPTIVE To make life easy we have put all our factsheets in each language in one place!Pour vous faciliter la vie, nous avons regroup\u00e9 toutes nos fiches descriptive dans chaque langue au m\u00eame endroit ! JUMP TO ENGLISH TRANSLATIONS &nbsp;&nbsp;&nbsp; PASSER \u00c0 LA TRADUCTION FRAN\u00c7AISE","og_url":"https:\/\/cutekwoodsolutions.com\/ca\/factsheettranslations\/","og_site_name":"CUTEK\u00ae Timber Protection - Canada","article_modified_time":"2023-03-30T23:25:22+00:00","twitter_card":"summary_large_image","twitter_misc":{"Est. reading time":"1 minute"},"schema":{"@context":"https:\/\/schema.org","@graph":[{"@type":"WebPage","@id":"https:\/\/cutekwoodsolutions.com\/ca\/factsheettranslations\/","url":"https:\/\/cutekwoodsolutions.com\/ca\/factsheettranslations\/","name":"Factsheet Translations - CUTEK\u00ae Timber Protection - Canada","isPartOf":{"@id":"https:\/\/cutekwoodsolutions.com\/ca\/#website"},"datePublished":"2022-12-13T03:18:56+00:00","dateModified":"2023-03-30T23:25:22+00:00","breadcrumb":{"@id":"https:\/\/cutekwoodsolutions.com\/ca\/factsheettranslations\/#breadcrumb"},"inLanguage":"en-CA","potentialAction":[{"@type":"ReadAction","target":["https:\/\/cutekwoodsolutions.com\/ca\/factsheettranslations\/"]}]},{"@type":"BreadcrumbList","@id":"https:\/\/cutekwoodsolutions.com\/ca\/factsheettranslations\/#breadcrumb","itemListElement":[{"@type":"ListItem","position":1,"name":"Home","item":"https:\/\/cutekwoodsolutions.com\/ca\/"},{"@type":"ListItem","position":2,"name":"Factsheet Translations"}]},{"@type":"WebSite","@id":"https:\/\/cutekwoodsolutions.com\/ca\/#website","url":"https:\/\/cutekwoodsolutions.com\/ca\/","name":"CUTEK\u00ae Timber Protection - Canada","description":"","publisher":{"@id":"https:\/\/cutekwoodsolutions.com\/ca\/#organization"},"potentialAction":[{"@type":"SearchAction","target":{"@type":"EntryPoint","urlTemplate":"https:\/\/cutekwoodsolutions.com\/ca\/?s={search_term_string}"},"query-input":{"@type":"PropertyValueSpecification","valueRequired":true,"valueName":"search_term_string"}}],"inLanguage":"en-CA"},{"@type":"Organization","@id":"https:\/\/cutekwoodsolutions.com\/ca\/#organization","name":"Cutek","url":"https:\/\/cutekwoodsolutions.com\/ca\/","logo":{"@type":"ImageObject","inLanguage":"en-CA","@id":"https:\/\/cutekwoodsolutions.com\/ca\/#\/schema\/logo\/image\/","url":"https:\/\/cutekwoodsolutions.com\/ca\/wp-content\/uploads\/2021\/06\/logo-black.png","contentUrl":"https:\/\/cutekwoodsolutions.com\/ca\/wp-content\/uploads\/2021\/06\/logo-black.png","width":771,"height":157,"caption":"Cutek"},"image":{"@id":"https:\/\/cutekwoodsolutions.com\/ca\/#\/schema\/logo\/image\/"}}]}},"_links":{"self":[{"href":"https:\/\/cutekwoodsolutions.com\/ca\/wp-json\/wp\/v2\/pages\/10361","targetHints":{"allow":["GET"]}}],"collection":[{"href":"https:\/\/cutekwoodsolutions.com\/ca\/wp-json\/wp\/v2\/pages"}],"about":[{"href":"https:\/\/cutekwoodsolutions.com\/ca\/wp-json\/wp\/v2\/types\/page"}],"author":[{"embeddable":true,"href":"https:\/\/cutekwoodsolutions.com\/ca\/wp-json\/wp\/v2\/users\/3"}],"replies":[{"embeddable":true,"href":"https:\/\/cutekwoodsolutions.com\/ca\/wp-json\/wp\/v2\/comments?post=10361"}],"version-history":[{"count":12,"href":"https:\/\/cutekwoodsolutions.com\/ca\/wp-json\/wp\/v2\/pages\/10361\/revisions"}],"predecessor-version":[{"id":10412,"href":"https:\/\/cutekwoodsolutions.com\/ca\/wp-json\/wp\/v2\/pages\/10361\/revisions\/10412"}],"wp:attachment":[{"href":"https:\/\/cutekwoodsolutions.com\/ca\/wp-json\/wp\/v2\/media?parent=10361"}],"curies":[{"name":"wp","href":"https:\/\/api.w.org\/{rel}","templated":true}]}}